{"id":47,"date":"2022-05-09T15:34:23","date_gmt":"2022-05-09T12:34:23","guid":{"rendered":"https:\/\/www.donemec.com.tr\/?page_id=47"},"modified":"2025-04-17T22:51:55","modified_gmt":"2025-04-17T19:51:55","slug":"reklam-isbirligi","status":"publish","type":"page","link":"https:\/\/www.donemec.com.tr\/index.php\/reklam-isbirligi\/","title":{"rendered":"Reklam &#038; \u0130\u015fbirli\u011fi"},"content":{"rendered":"<p>reklam@donemec.com.tr<\/p>\n","protected":false},"excerpt":{"rendered":"<p>reklam@donemec.com.tr<\/p>\n","protected":false},"author":1,"featured_media":0,"parent":0,"menu_order":5,"comment_status":"closed","ping_status":"closed","template":"pages\/page-sidemenu.php","meta":{"footnotes":""},"class_list":["post-47","page","type-page","status-publish","hentry"],"_links":{"self":[{"href":"https:\/\/www.donemec.com.tr\/index.php\/wp-json\/wp\/v2\/pages\/47","targetHints":{"allow":["GET"]}}],"collection":[{"href":"https:\/\/www.donemec.com.tr\/index.php\/wp-json\/wp\/v2\/pages"}],"about":[{"href":"https:\/\/www.donemec.com.tr\/index.php\/wp-json\/wp\/v2\/types\/page"}],"author":[{"embeddable":true,"href":"https:\/\/www.donemec.com.tr\/index.php\/wp-json\/wp\/v2\/users\/1"}],"replies":[{"embeddable":true,"href":"https:\/\/www.donemec.com.tr\/index.php\/wp-json\/wp\/v2\/comments?post=47"}],"version-history":[{"count":4,"href":"https:\/\/www.donemec.com.tr\/index.php\/wp-json\/wp\/v2\/pages\/47\/revisions"}],"predecessor-version":[{"id":761,"href":"https:\/\/www.donemec.com.tr\/index.php\/wp-json\/wp\/v2\/pages\/47\/revisions\/761"}],"wp:attachment":[{"href":"https:\/\/www.donemec.com.tr\/index.php\/wp-json\/wp\/v2\/media?parent=47"}],"curies":[{"name":"wp","href":"https:\/\/api.w.org\/{rel}","templated":true}]}}